{"id":363,"date":"2016-06-06T11:32:25","date_gmt":"2016-06-06T11:32:25","guid":{"rendered":"http:\/\/eris.tkdvl.com\/?page_id=11"},"modified":"2024-08-17T14:42:43","modified_gmt":"2024-08-17T14:42:43","slug":"apropos","status":"publish","type":"page","link":"https:\/\/www.opencase.ca\/edwin\/apropos\/","title":{"rendered":"\u00c0 Propos"},"content":{"rendered":"\n<h4 class=\"wp-block-heading\">Un regard sur moi<\/h4>\n\n\n\n<div class=\"wp-block-columns is-layout-flex wp-container-core-columns-is-layout-9d6595d7 wp-block-columns-is-layout-flex\">\n<div class=\"wp-block-column is-layout-flow wp-block-column-is-layout-flow\">\n<p>Je me pr\u00e9sente, Edwin Chery.&nbsp; Je poss\u00e8de un dipl\u00f4me d\u2019\u00e9tude coll\u00e9giale du coll\u00e8ge Marie Victorin ainsi qu\u2019un certificat en Publicit\u00e9 de l\u2019Universit\u00e9 de Montr\u00e9al. J\u2019ai plusieurs ann\u00e9es d\u2019exp\u00e9rience dans le domaine du web.<br>J\u2019adore voyager et je suis un mordu de \u201cbateau\u201d<\/p>\n<\/div>\n\n\n\n<div class=\"wp-block-column is-layout-flow wp-block-column-is-layout-flow\">\n<p>Je vous invite \u00e0 visionner mon CV <a href=\"https:\/\/www.opencase.ca\/edwin\/wp-content\/uploads\/2024\/08\/CV-EDWIN-CHERY-2024.pdf\">ici.<\/a> Vous pouvez toujours me contacter par courriel.<\/p>\n\n\n\n<p><a href=\"mailto:info@opencase.ca\">info@opencase.ca<\/a><\/p>\n<\/div>\n<\/div>\n\n\n\n<p><\/p>\n","protected":false},"excerpt":{"rendered":"<p>Un regard sur moi Je me pr\u00e9sente, Edwin Chery.&nbsp; Je poss\u00e8de un dipl\u00f4me d\u2019\u00e9tude coll\u00e9giale du coll\u00e8ge Marie Victorin ainsi qu\u2019un certificat en Publicit\u00e9 de l\u2019Universit\u00e9 de Montr\u00e9al. J\u2019ai plusieurs ann\u00e9es d\u2019exp\u00e9rience dans le domaine du web.J\u2019adore voyager et je suis un mordu de \u201cbateau\u201d Je vous invite \u00e0 visionner mon CV ici. Vous pouvez [&hellip;]<\/p>\n<a class=\"read-more-link\" href=\" https:\/\/www.opencase.ca\/edwin\/apropos\/ \">Read more<\/a>","protected":false},"author":1,"featured_media":0,"parent":0,"menu_order":0,"comment_status":"closed","ping_status":"closed","template":"","meta":{"footnotes":""},"class_list":["post-363","page","type-page","status-publish","hentry"],"jetpack_sharing_enabled":false,"_links":{"self":[{"href":"https:\/\/www.opencase.ca\/edwin\/wp-json\/wp\/v2\/pages\/363","targetHints":{"allow":["GET"]}}],"collection":[{"href":"https:\/\/www.opencase.ca\/edwin\/wp-json\/wp\/v2\/pages"}],"about":[{"href":"https:\/\/www.opencase.ca\/edwin\/wp-json\/wp\/v2\/types\/page"}],"author":[{"embeddable":true,"href":"https:\/\/www.opencase.ca\/edwin\/wp-json\/wp\/v2\/users\/1"}],"replies":[{"embeddable":true,"href":"https:\/\/www.opencase.ca\/edwin\/wp-json\/wp\/v2\/comments?post=363"}],"version-history":[{"count":4,"href":"https:\/\/www.opencase.ca\/edwin\/wp-json\/wp\/v2\/pages\/363\/revisions"}],"predecessor-version":[{"id":703,"href":"https:\/\/www.opencase.ca\/edwin\/wp-json\/wp\/v2\/pages\/363\/revisions\/703"}],"wp:attachment":[{"href":"https:\/\/www.opencase.ca\/edwin\/wp-json\/wp\/v2\/media?parent=363"}],"curies":[{"name":"wp","href":"https:\/\/api.w.org\/{rel}","templated":true}]}}